{"id":1569,"date":"2022-09-27T21:37:20","date_gmt":"2022-09-27T21:37:20","guid":{"rendered":"https:\/\/pentley.fi\/shop\/uncategorized\/kaweco-al-sport-geelikuulakyna-raw\/"},"modified":"2025-11-27T14:43:16","modified_gmt":"2025-11-27T14:43:16","slug":"kaweco-al-sport-gel-roller-raw","status":"publish","type":"product","link":"https:\/\/pentley.fi\/en\/product\/kaweco-al-sport-gel-roller-raw\/","title":{"rendered":"Kaweco AL SPORT Geelikuulakyn\u00e4 Raw"},"content":{"rendered":"","protected":false},"excerpt":{"rendered":"<ul>\n<li style=\"font-weight: 400;\" aria-level=\"1\"><span style=\"font-weight: 400;\">Kawecon alun perin vuonna 1911 luoma signature-malli<\/span><\/li>\n<li style=\"font-weight: 400;\" aria-level=\"1\"><span style=\"font-weight: 400;\">Kest\u00e4v\u00e4 runko alumiinista<\/span><\/li>\n<li style=\"font-weight: 400;\" aria-level=\"1\"><span style=\"font-weight: 400;\">Hopeanv\u00e4rist\u00e4 metallia oleva Kaweco-logo k\u00e4rjen suojuksen p\u00e4\u00e4ss\u00e4<br \/>\n<\/span><\/li>\n<li style=\"font-weight: 400;\" aria-level=\"1\"><span style=\"font-weight: 400;\">K\u00e4rjen keraaminen kuula ja sile\u00e4 muste takaavat ylivertaisen kirjoituskokemuksen<\/span><\/li>\n<li style=\"font-weight: 400;\" aria-level=\"1\"><span style=\"font-weight: 400;\">Muste ei kuivu, vaikka ter\u00e4n suojusta ei suljeta<\/span><\/li>\n<\/ul>\n<ul>\n<li style=\"font-weight: 400;\" aria-level=\"1\"><span style=\"font-weight: 400;\">Toimitetaan metallisessa lahjakotelossa<\/span><\/li>\n<\/ul>\n<ul>\n<li style=\"font-weight: 400;\" aria-level=\"1\"><span style=\"font-weight: 400;\">Pituus suljettuna 10,8 cm, suojus toiseen p\u00e4\u00e4h\u00e4n kiinnitettyn\u00e4 13,3 cm<\/span><\/li>\n<\/ul>\n","protected":false},"featured_media":1175,"template":"","meta":{"_acf_changed":false},"product_brand":[],"product_cat":[92,78,86],"product_tag":[],"manufacturer":[59],"series":[27],"class_list":{"0":"post-1569","1":"product","2":"type-product","3":"status-publish","4":"has-post-thumbnail","6":"product_cat-esite","7":"product_cat-geelikuulakynat-ja-kuulakarkikynat","8":"product_cat-lahjakotelo-lyhyt","9":"manufacturer-kaweco","10":"series-al-sport","12":"first","13":"outofstock","14":"taxable","15":"shipping-taxable","16":"purchasable","17":"product-type-simple"},"acf":[],"yoast_head":"<!-- This site is optimized with the Yoast SEO plugin v27.3 - https:\/\/yoast.com\/product\/yoast-seo-wordpress\/ -->\n<title>Kaweco AL SPORT Geelikuulakyn\u00e4 Raw - Pentley |&nbsp;Largest selection of Kaweco pens |<\/title>\n<meta name=\"robots\" content=\"index, follow, max-snippet:-1, max-image-preview:large, max-video-preview:-1\" \/>\n<link rel=\"canonical\" href=\"https:\/\/pentley.fi\/en\/product\/kaweco-al-sport-gel-roller-raw\/\" \/>\n<meta property=\"og:locale\" content=\"en_US\" \/>\n<meta property=\"og:type\" content=\"article\" \/>\n<meta property=\"og:title\" content=\"Kaweco AL SPORT Geelikuulakyn\u00e4 Raw - Pentley |&nbsp;Largest selection of Kaweco pens |\" \/>\n<meta property=\"og:description\" content=\"Kawecon alun perin vuonna 1911 luoma signature-malli  Kest\u00e4v\u00e4 runko alumiinista  Hopeanv\u00e4rist\u00e4 metallia oleva Kaweco-logo k\u00e4rjen suojuksen p\u00e4\u00e4ss\u00e4  K\u00e4rjen keraaminen kuula ja sile\u00e4 muste takaavat ylivertaisen kirjoituskokemuksen  Muste ei kuivu, vaikka ter\u00e4n suojusta ei suljeta   Toimitetaan metallisessa lahjakotelossa   Pituus suljettuna 10,8 cm, suojus toiseen p\u00e4\u00e4h\u00e4n kiinnitettyn\u00e4 13,3 cm\" \/>\n<meta property=\"og:url\" content=\"https:\/\/pentley.fi\/en\/product\/kaweco-al-sport-gel-roller-raw\/\" \/>\n<meta property=\"og:site_name\" content=\"Pentley |&nbsp;Largest selection of Kaweco pens |\" \/>\n<meta property=\"article:publisher\" content=\"https:\/\/www.facebook.com\/pentleyshop\" \/>\n<meta property=\"article:modified_time\" content=\"2025-11-27T14:43:16+00:00\" \/>\n<meta property=\"og:image\" content=\"https:\/\/pentley.fi\/wp-content\/uploads\/2022\/09\/Kaweco_AL_RP_Raw_web_s.jpg\" \/>\n\t<meta property=\"og:image:width\" content=\"1200\" \/>\n\t<meta property=\"og:image:height\" content=\"860\" \/>\n\t<meta property=\"og:image:type\" content=\"image\/jpeg\" \/>\n<meta name=\"twitter:card\" content=\"summary_large_image\" \/>\n<script type=\"application\/ld+json\" class=\"yoast-schema-graph\">{\"@context\":\"https:\\\/\\\/schema.org\",\"@graph\":[{\"@type\":\"WebPage\",\"@id\":\"https:\\\/\\\/pentley.fi\\\/en\\\/product\\\/kaweco-al-sport-gel-roller-raw\\\/\",\"url\":\"https:\\\/\\\/pentley.fi\\\/en\\\/product\\\/kaweco-al-sport-gel-roller-raw\\\/\",\"name\":\"Kaweco AL SPORT Geelikuulakyn\u00e4 Raw - Pentley |&nbsp;Largest selection of Kaweco pens |\",\"isPartOf\":{\"@id\":\"https:\\\/\\\/pentley.fi\\\/en\\\/#website\"},\"primaryImageOfPage\":{\"@id\":\"https:\\\/\\\/pentley.fi\\\/en\\\/product\\\/kaweco-al-sport-gel-roller-raw\\\/#primaryimage\"},\"image\":{\"@id\":\"https:\\\/\\\/pentley.fi\\\/en\\\/product\\\/kaweco-al-sport-gel-roller-raw\\\/#primaryimage\"},\"thumbnailUrl\":\"https:\\\/\\\/pentley.fi\\\/wp-content\\\/uploads\\\/2022\\\/09\\\/Kaweco_AL_RP_Raw_web_s.jpg\",\"datePublished\":\"2022-09-27T21:37:20+00:00\",\"dateModified\":\"2025-11-27T14:43:16+00:00\",\"breadcrumb\":{\"@id\":\"https:\\\/\\\/pentley.fi\\\/en\\\/product\\\/kaweco-al-sport-gel-roller-raw\\\/#breadcrumb\"},\"inLanguage\":\"en-US\",\"potentialAction\":[{\"@type\":\"ReadAction\",\"target\":[\"https:\\\/\\\/pentley.fi\\\/en\\\/product\\\/kaweco-al-sport-gel-roller-raw\\\/\"]}]},{\"@type\":\"ImageObject\",\"inLanguage\":\"en-US\",\"@id\":\"https:\\\/\\\/pentley.fi\\\/en\\\/product\\\/kaweco-al-sport-gel-roller-raw\\\/#primaryimage\",\"url\":\"https:\\\/\\\/pentley.fi\\\/wp-content\\\/uploads\\\/2022\\\/09\\\/Kaweco_AL_RP_Raw_web_s.jpg\",\"contentUrl\":\"https:\\\/\\\/pentley.fi\\\/wp-content\\\/uploads\\\/2022\\\/09\\\/Kaweco_AL_RP_Raw_web_s.jpg\",\"width\":1200,\"height\":860},{\"@type\":\"BreadcrumbList\",\"@id\":\"https:\\\/\\\/pentley.fi\\\/en\\\/product\\\/kaweco-al-sport-gel-roller-raw\\\/#breadcrumb\",\"itemListElement\":[{\"@type\":\"ListItem\",\"position\":1,\"name\":\"Home\",\"item\":\"https:\\\/\\\/pentley.fi\\\/en\\\/\"},{\"@type\":\"ListItem\",\"position\":2,\"name\":\"Shop\",\"item\":\"https:\\\/\\\/pentley.fi\\\/en\\\/shop\\\/\"},{\"@type\":\"ListItem\",\"position\":3,\"name\":\"Gel rollers &amp; Ballpens\",\"item\":\"https:\\\/\\\/pentley.fi\\\/en\\\/category\\\/gel-rollers-ballpens\\\/\"},{\"@type\":\"ListItem\",\"position\":4,\"name\":\"Kaweco AL SPORT Geelikuulakyn\u00e4 Raw\"}]},{\"@type\":\"WebSite\",\"@id\":\"https:\\\/\\\/pentley.fi\\\/en\\\/#website\",\"url\":\"https:\\\/\\\/pentley.fi\\\/en\\\/\",\"name\":\"Pentley - Suurin valikoima Kaweco-kynia\",\"description\":\"\",\"publisher\":{\"@id\":\"https:\\\/\\\/pentley.fi\\\/en\\\/#organization\"},\"potentialAction\":[{\"@type\":\"SearchAction\",\"target\":{\"@type\":\"EntryPoint\",\"urlTemplate\":\"https:\\\/\\\/pentley.fi\\\/en\\\/?s={search_term_string}\"},\"query-input\":{\"@type\":\"PropertyValueSpecification\",\"valueRequired\":true,\"valueName\":\"search_term_string\"}}],\"inLanguage\":\"en-US\"},{\"@type\":\"Organization\",\"@id\":\"https:\\\/\\\/pentley.fi\\\/en\\\/#organization\",\"name\":\"Pentley | Suurin valikoima Kaweco-kyni\u00e4 |\",\"url\":\"https:\\\/\\\/pentley.fi\\\/en\\\/\",\"logo\":{\"@type\":\"ImageObject\",\"inLanguage\":\"en-US\",\"@id\":\"https:\\\/\\\/pentley.fi\\\/en\\\/#\\\/schema\\\/logo\\\/image\\\/\",\"url\":null,\"contentUrl\":null,\"width\":\"1024\",\"height\":\"1024\",\"caption\":\"Pentley | Suurin valikoima Kaweco-kyni\u00e4 |\"},\"image\":{\"@id\":\"https:\\\/\\\/pentley.fi\\\/en\\\/#\\\/schema\\\/logo\\\/image\\\/\"},\"sameAs\":[\"https:\\\/\\\/www.facebook.com\\\/pentleyshop\",\"https:\\\/\\\/instagram.com\\\/pentleyshop\"]}]}<\/script>\n<!-- \/ Yoast SEO plugin. -->","yoast_head_json":{"title":"Kaweco AL SPORT Geelikuulakyn\u00e4 Raw - Pentley |&nbsp;Largest selection of Kaweco pens |","robots":{"index":"index","follow":"follow","max-snippet":"max-snippet:-1","max-image-preview":"max-image-preview:large","max-video-preview":"max-video-preview:-1"},"canonical":"https:\/\/pentley.fi\/en\/product\/kaweco-al-sport-gel-roller-raw\/","og_locale":"en_US","og_type":"article","og_title":"Kaweco AL SPORT Geelikuulakyn\u00e4 Raw - Pentley |&nbsp;Largest selection of Kaweco pens |","og_description":"Kawecon alun perin vuonna 1911 luoma signature-malli  Kest\u00e4v\u00e4 runko alumiinista  Hopeanv\u00e4rist\u00e4 metallia oleva Kaweco-logo k\u00e4rjen suojuksen p\u00e4\u00e4ss\u00e4  K\u00e4rjen keraaminen kuula ja sile\u00e4 muste takaavat ylivertaisen kirjoituskokemuksen  Muste ei kuivu, vaikka ter\u00e4n suojusta ei suljeta   Toimitetaan metallisessa lahjakotelossa   Pituus suljettuna 10,8 cm, suojus toiseen p\u00e4\u00e4h\u00e4n kiinnitettyn\u00e4 13,3 cm","og_url":"https:\/\/pentley.fi\/en\/product\/kaweco-al-sport-gel-roller-raw\/","og_site_name":"Pentley |&nbsp;Largest selection of Kaweco pens |","article_publisher":"https:\/\/www.facebook.com\/pentleyshop","article_modified_time":"2025-11-27T14:43:16+00:00","og_image":[{"width":1200,"height":860,"url":"https:\/\/pentley.fi\/wp-content\/uploads\/2022\/09\/Kaweco_AL_RP_Raw_web_s.jpg","type":"image\/jpeg"}],"twitter_card":"summary_large_image","schema":{"@context":"https:\/\/schema.org","@graph":[{"@type":"WebPage","@id":"https:\/\/pentley.fi\/en\/product\/kaweco-al-sport-gel-roller-raw\/","url":"https:\/\/pentley.fi\/en\/product\/kaweco-al-sport-gel-roller-raw\/","name":"Kaweco AL SPORT Geelikuulakyn\u00e4 Raw - Pentley |&nbsp;Largest selection of Kaweco pens |","isPartOf":{"@id":"https:\/\/pentley.fi\/en\/#website"},"primaryImageOfPage":{"@id":"https:\/\/pentley.fi\/en\/product\/kaweco-al-sport-gel-roller-raw\/#primaryimage"},"image":{"@id":"https:\/\/pentley.fi\/en\/product\/kaweco-al-sport-gel-roller-raw\/#primaryimage"},"thumbnailUrl":"https:\/\/pentley.fi\/wp-content\/uploads\/2022\/09\/Kaweco_AL_RP_Raw_web_s.jpg","datePublished":"2022-09-27T21:37:20+00:00","dateModified":"2025-11-27T14:43:16+00:00","breadcrumb":{"@id":"https:\/\/pentley.fi\/en\/product\/kaweco-al-sport-gel-roller-raw\/#breadcrumb"},"inLanguage":"en-US","potentialAction":[{"@type":"ReadAction","target":["https:\/\/pentley.fi\/en\/product\/kaweco-al-sport-gel-roller-raw\/"]}]},{"@type":"ImageObject","inLanguage":"en-US","@id":"https:\/\/pentley.fi\/en\/product\/kaweco-al-sport-gel-roller-raw\/#primaryimage","url":"https:\/\/pentley.fi\/wp-content\/uploads\/2022\/09\/Kaweco_AL_RP_Raw_web_s.jpg","contentUrl":"https:\/\/pentley.fi\/wp-content\/uploads\/2022\/09\/Kaweco_AL_RP_Raw_web_s.jpg","width":1200,"height":860},{"@type":"BreadcrumbList","@id":"https:\/\/pentley.fi\/en\/product\/kaweco-al-sport-gel-roller-raw\/#breadcrumb","itemListElement":[{"@type":"ListItem","position":1,"name":"Home","item":"https:\/\/pentley.fi\/en\/"},{"@type":"ListItem","position":2,"name":"Shop","item":"https:\/\/pentley.fi\/en\/shop\/"},{"@type":"ListItem","position":3,"name":"Gel rollers &amp; Ballpens","item":"https:\/\/pentley.fi\/en\/category\/gel-rollers-ballpens\/"},{"@type":"ListItem","position":4,"name":"Kaweco AL SPORT Geelikuulakyn\u00e4 Raw"}]},{"@type":"WebSite","@id":"https:\/\/pentley.fi\/en\/#website","url":"https:\/\/pentley.fi\/en\/","name":"Pentley - Suurin valikoima Kaweco-kynia","description":"","publisher":{"@id":"https:\/\/pentley.fi\/en\/#organization"},"potentialAction":[{"@type":"SearchAction","target":{"@type":"EntryPoint","urlTemplate":"https:\/\/pentley.fi\/en\/?s={search_term_string}"},"query-input":{"@type":"PropertyValueSpecification","valueRequired":true,"valueName":"search_term_string"}}],"inLanguage":"en-US"},{"@type":"Organization","@id":"https:\/\/pentley.fi\/en\/#organization","name":"Pentley | Suurin valikoima Kaweco-kyni\u00e4 |","url":"https:\/\/pentley.fi\/en\/","logo":{"@type":"ImageObject","inLanguage":"en-US","@id":"https:\/\/pentley.fi\/en\/#\/schema\/logo\/image\/","url":null,"contentUrl":null,"width":"1024","height":"1024","caption":"Pentley | Suurin valikoima Kaweco-kyni\u00e4 |"},"image":{"@id":"https:\/\/pentley.fi\/en\/#\/schema\/logo\/image\/"},"sameAs":["https:\/\/www.facebook.com\/pentleyshop","https:\/\/instagram.com\/pentleyshop"]}]}},"_links":{"self":[{"href":"https:\/\/pentley.fi\/en\/wp-json\/wp\/v2\/product\/1569","targetHints":{"allow":["GET"]}}],"collection":[{"href":"https:\/\/pentley.fi\/en\/wp-json\/wp\/v2\/product"}],"about":[{"href":"https:\/\/pentley.fi\/en\/wp-json\/wp\/v2\/types\/product"}],"wp:featuredmedia":[{"embeddable":true,"href":"https:\/\/pentley.fi\/en\/wp-json\/wp\/v2\/media\/1175"}],"wp:attachment":[{"href":"https:\/\/pentley.fi\/en\/wp-json\/wp\/v2\/media?parent=1569"}],"wp:term":[{"taxonomy":"product_brand","embeddable":true,"href":"https:\/\/pentley.fi\/en\/wp-json\/wp\/v2\/product_brand?post=1569"},{"taxonomy":"product_cat","embeddable":true,"href":"https:\/\/pentley.fi\/en\/wp-json\/wp\/v2\/product_cat?post=1569"},{"taxonomy":"product_tag","embeddable":true,"href":"https:\/\/pentley.fi\/en\/wp-json\/wp\/v2\/product_tag?post=1569"},{"taxonomy":"manufacturer","embeddable":true,"href":"https:\/\/pentley.fi\/en\/wp-json\/wp\/v2\/manufacturer?post=1569"},{"taxonomy":"series","embeddable":true,"href":"https:\/\/pentley.fi\/en\/wp-json\/wp\/v2\/series?post=1569"}],"curies":[{"name":"wp","href":"https:\/\/api.w.org\/{rel}","templated":true}]}}