{"id":327,"date":"2022-09-20T07:34:52","date_gmt":"2022-09-20T07:34:52","guid":{"rendered":"https:\/\/pentley.fi\/?post_type=product&#038;p=327"},"modified":"2025-11-27T14:43:18","modified_gmt":"2025-11-27T14:43:18","slug":"kaweco-clip-nostalgie-sport-black","status":"publish","type":"product","link":"https:\/\/pentley.fi\/en\/product\/kaweco-clip-nostalgie-sport-black\/","title":{"rendered":"Kaweco Clip Nostalgie SPORT Black"},"content":{"rendered":"","protected":false},"excerpt":{"rendered":"<ul>\n<li>Lisa oma Kawecole funktsionaalsust, v\u00e4rvi ja elegantsi<\/li>\n<li>Hoia oma Kaweco kindlalt nt oma tasku k\u00fcljes<\/li>\n<li>Sobitub \u00fcmber Kaweco Classic Sport, Skyline Sport, AL Sport, AC Sport, Brass Sport, Steel Sport ja SketchUP 5.6 kirjapulkade<\/li>\n<\/ul>\n","protected":false},"featured_media":328,"template":"","meta":{"_acf_changed":false},"product_brand":[],"product_cat":[25],"product_tag":[],"manufacturer":[59],"series":[],"class_list":{"0":"post-327","1":"product","2":"type-product","3":"status-publish","4":"has-post-thumbnail","6":"product_cat-accessories","7":"manufacturer-kaweco","9":"first","10":"instock","11":"taxable","12":"shipping-taxable","13":"purchasable","14":"product-type-simple"},"acf":[],"yoast_head":"<!-- This site is optimized with the Yoast SEO plugin v27.3 - https:\/\/yoast.com\/product\/yoast-seo-wordpress\/ -->\n<title>Kaweco Clip Nostalgie SPORT Black - Pentley |&nbsp;Largest selection of Kaweco pens |<\/title>\n<meta name=\"robots\" content=\"index, follow, max-snippet:-1, max-image-preview:large, max-video-preview:-1\" \/>\n<link rel=\"canonical\" href=\"https:\/\/pentley.fi\/en\/product\/kaweco-clip-nostalgie-sport-black\/\" \/>\n<meta property=\"og:locale\" content=\"en_US\" \/>\n<meta property=\"og:type\" content=\"article\" \/>\n<meta property=\"og:title\" content=\"Kaweco Clip Nostalgie SPORT Black - Pentley |&nbsp;Largest selection of Kaweco pens |\" \/>\n<meta property=\"og:description\" content=\"Lisa oma Kawecole funktsionaalsust, v\u00e4rvi ja elegantsi  Hoia oma Kaweco kindlalt nt oma tasku k\u00fcljes  Sobitub \u00fcmber Kaweco Classic Sport, Skyline Sport, AL Sport, AC Sport, Brass Sport, Steel Sport ja SketchUP 5.6 kirjapulkade\" \/>\n<meta property=\"og:url\" content=\"https:\/\/pentley.fi\/en\/product\/kaweco-clip-nostalgie-sport-black\/\" \/>\n<meta property=\"og:site_name\" content=\"Pentley |&nbsp;Largest selection of Kaweco pens |\" \/>\n<meta property=\"article:publisher\" content=\"https:\/\/www.facebook.com\/pentleyshop\" \/>\n<meta property=\"article:modified_time\" content=\"2025-11-27T14:43:18+00:00\" \/>\n<meta property=\"og:image\" content=\"https:\/\/pentley.fi\/wp-content\/uploads\/2022\/09\/Kaweco_Clip_Sport_Nostalgic_Black_web_s.jpg\" \/>\n\t<meta property=\"og:image:width\" content=\"1200\" \/>\n\t<meta property=\"og:image:height\" content=\"860\" \/>\n\t<meta property=\"og:image:type\" content=\"image\/jpeg\" \/>\n<meta name=\"twitter:card\" content=\"summary_large_image\" \/>\n<script type=\"application\/ld+json\" class=\"yoast-schema-graph\">{\"@context\":\"https:\\\/\\\/schema.org\",\"@graph\":[{\"@type\":\"WebPage\",\"@id\":\"https:\\\/\\\/pentley.fi\\\/en\\\/product\\\/kaweco-clip-nostalgie-sport-black\\\/\",\"url\":\"https:\\\/\\\/pentley.fi\\\/en\\\/product\\\/kaweco-clip-nostalgie-sport-black\\\/\",\"name\":\"Kaweco Clip Nostalgie SPORT Black - Pentley |&nbsp;Largest selection of Kaweco pens |\",\"isPartOf\":{\"@id\":\"https:\\\/\\\/pentley.fi\\\/en\\\/#website\"},\"primaryImageOfPage\":{\"@id\":\"https:\\\/\\\/pentley.fi\\\/en\\\/product\\\/kaweco-clip-nostalgie-sport-black\\\/#primaryimage\"},\"image\":{\"@id\":\"https:\\\/\\\/pentley.fi\\\/en\\\/product\\\/kaweco-clip-nostalgie-sport-black\\\/#primaryimage\"},\"thumbnailUrl\":\"https:\\\/\\\/pentley.fi\\\/wp-content\\\/uploads\\\/2022\\\/09\\\/Kaweco_Clip_Sport_Nostalgic_Black_web_s.jpg\",\"datePublished\":\"2022-09-20T07:34:52+00:00\",\"dateModified\":\"2025-11-27T14:43:18+00:00\",\"breadcrumb\":{\"@id\":\"https:\\\/\\\/pentley.fi\\\/en\\\/product\\\/kaweco-clip-nostalgie-sport-black\\\/#breadcrumb\"},\"inLanguage\":\"en-US\",\"potentialAction\":[{\"@type\":\"ReadAction\",\"target\":[\"https:\\\/\\\/pentley.fi\\\/en\\\/product\\\/kaweco-clip-nostalgie-sport-black\\\/\"]}]},{\"@type\":\"ImageObject\",\"inLanguage\":\"en-US\",\"@id\":\"https:\\\/\\\/pentley.fi\\\/en\\\/product\\\/kaweco-clip-nostalgie-sport-black\\\/#primaryimage\",\"url\":\"https:\\\/\\\/pentley.fi\\\/wp-content\\\/uploads\\\/2022\\\/09\\\/Kaweco_Clip_Sport_Nostalgic_Black_web_s.jpg\",\"contentUrl\":\"https:\\\/\\\/pentley.fi\\\/wp-content\\\/uploads\\\/2022\\\/09\\\/Kaweco_Clip_Sport_Nostalgic_Black_web_s.jpg\",\"width\":1200,\"height\":860},{\"@type\":\"BreadcrumbList\",\"@id\":\"https:\\\/\\\/pentley.fi\\\/en\\\/product\\\/kaweco-clip-nostalgie-sport-black\\\/#breadcrumb\",\"itemListElement\":[{\"@type\":\"ListItem\",\"position\":1,\"name\":\"Home\",\"item\":\"https:\\\/\\\/pentley.fi\\\/en\\\/\"},{\"@type\":\"ListItem\",\"position\":2,\"name\":\"Shop\",\"item\":\"https:\\\/\\\/pentley.fi\\\/en\\\/shop\\\/\"},{\"@type\":\"ListItem\",\"position\":3,\"name\":\"Accessories\",\"item\":\"https:\\\/\\\/pentley.fi\\\/en\\\/category\\\/accessories\\\/\"},{\"@type\":\"ListItem\",\"position\":4,\"name\":\"Kaweco Clip Nostalgie SPORT Black\"}]},{\"@type\":\"WebSite\",\"@id\":\"https:\\\/\\\/pentley.fi\\\/en\\\/#website\",\"url\":\"https:\\\/\\\/pentley.fi\\\/en\\\/\",\"name\":\"Pentley - Suurin valikoima Kaweco-kynia\",\"description\":\"\",\"publisher\":{\"@id\":\"https:\\\/\\\/pentley.fi\\\/en\\\/#organization\"},\"potentialAction\":[{\"@type\":\"SearchAction\",\"target\":{\"@type\":\"EntryPoint\",\"urlTemplate\":\"https:\\\/\\\/pentley.fi\\\/en\\\/?s={search_term_string}\"},\"query-input\":{\"@type\":\"PropertyValueSpecification\",\"valueRequired\":true,\"valueName\":\"search_term_string\"}}],\"inLanguage\":\"en-US\"},{\"@type\":\"Organization\",\"@id\":\"https:\\\/\\\/pentley.fi\\\/en\\\/#organization\",\"name\":\"Pentley | Suurin valikoima Kaweco-kyni\u00e4 |\",\"url\":\"https:\\\/\\\/pentley.fi\\\/en\\\/\",\"logo\":{\"@type\":\"ImageObject\",\"inLanguage\":\"en-US\",\"@id\":\"https:\\\/\\\/pentley.fi\\\/en\\\/#\\\/schema\\\/logo\\\/image\\\/\",\"url\":null,\"contentUrl\":null,\"width\":\"1024\",\"height\":\"1024\",\"caption\":\"Pentley | Suurin valikoima Kaweco-kyni\u00e4 |\"},\"image\":{\"@id\":\"https:\\\/\\\/pentley.fi\\\/en\\\/#\\\/schema\\\/logo\\\/image\\\/\"},\"sameAs\":[\"https:\\\/\\\/www.facebook.com\\\/pentleyshop\",\"https:\\\/\\\/instagram.com\\\/pentleyshop\"]}]}<\/script>\n<!-- \/ Yoast SEO plugin. -->","yoast_head_json":{"title":"Kaweco Clip Nostalgie SPORT Black - Pentley |&nbsp;Largest selection of Kaweco pens |","robots":{"index":"index","follow":"follow","max-snippet":"max-snippet:-1","max-image-preview":"max-image-preview:large","max-video-preview":"max-video-preview:-1"},"canonical":"https:\/\/pentley.fi\/en\/product\/kaweco-clip-nostalgie-sport-black\/","og_locale":"en_US","og_type":"article","og_title":"Kaweco Clip Nostalgie SPORT Black - Pentley |&nbsp;Largest selection of Kaweco pens |","og_description":"Lisa oma Kawecole funktsionaalsust, v\u00e4rvi ja elegantsi  Hoia oma Kaweco kindlalt nt oma tasku k\u00fcljes  Sobitub \u00fcmber Kaweco Classic Sport, Skyline Sport, AL Sport, AC Sport, Brass Sport, Steel Sport ja SketchUP 5.6 kirjapulkade","og_url":"https:\/\/pentley.fi\/en\/product\/kaweco-clip-nostalgie-sport-black\/","og_site_name":"Pentley |&nbsp;Largest selection of Kaweco pens |","article_publisher":"https:\/\/www.facebook.com\/pentleyshop","article_modified_time":"2025-11-27T14:43:18+00:00","og_image":[{"width":1200,"height":860,"url":"https:\/\/pentley.fi\/wp-content\/uploads\/2022\/09\/Kaweco_Clip_Sport_Nostalgic_Black_web_s.jpg","type":"image\/jpeg"}],"twitter_card":"summary_large_image","schema":{"@context":"https:\/\/schema.org","@graph":[{"@type":"WebPage","@id":"https:\/\/pentley.fi\/en\/product\/kaweco-clip-nostalgie-sport-black\/","url":"https:\/\/pentley.fi\/en\/product\/kaweco-clip-nostalgie-sport-black\/","name":"Kaweco Clip Nostalgie SPORT Black - Pentley |&nbsp;Largest selection of Kaweco pens |","isPartOf":{"@id":"https:\/\/pentley.fi\/en\/#website"},"primaryImageOfPage":{"@id":"https:\/\/pentley.fi\/en\/product\/kaweco-clip-nostalgie-sport-black\/#primaryimage"},"image":{"@id":"https:\/\/pentley.fi\/en\/product\/kaweco-clip-nostalgie-sport-black\/#primaryimage"},"thumbnailUrl":"https:\/\/pentley.fi\/wp-content\/uploads\/2022\/09\/Kaweco_Clip_Sport_Nostalgic_Black_web_s.jpg","datePublished":"2022-09-20T07:34:52+00:00","dateModified":"2025-11-27T14:43:18+00:00","breadcrumb":{"@id":"https:\/\/pentley.fi\/en\/product\/kaweco-clip-nostalgie-sport-black\/#breadcrumb"},"inLanguage":"en-US","potentialAction":[{"@type":"ReadAction","target":["https:\/\/pentley.fi\/en\/product\/kaweco-clip-nostalgie-sport-black\/"]}]},{"@type":"ImageObject","inLanguage":"en-US","@id":"https:\/\/pentley.fi\/en\/product\/kaweco-clip-nostalgie-sport-black\/#primaryimage","url":"https:\/\/pentley.fi\/wp-content\/uploads\/2022\/09\/Kaweco_Clip_Sport_Nostalgic_Black_web_s.jpg","contentUrl":"https:\/\/pentley.fi\/wp-content\/uploads\/2022\/09\/Kaweco_Clip_Sport_Nostalgic_Black_web_s.jpg","width":1200,"height":860},{"@type":"BreadcrumbList","@id":"https:\/\/pentley.fi\/en\/product\/kaweco-clip-nostalgie-sport-black\/#breadcrumb","itemListElement":[{"@type":"ListItem","position":1,"name":"Home","item":"https:\/\/pentley.fi\/en\/"},{"@type":"ListItem","position":2,"name":"Shop","item":"https:\/\/pentley.fi\/en\/shop\/"},{"@type":"ListItem","position":3,"name":"Accessories","item":"https:\/\/pentley.fi\/en\/category\/accessories\/"},{"@type":"ListItem","position":4,"name":"Kaweco Clip Nostalgie SPORT Black"}]},{"@type":"WebSite","@id":"https:\/\/pentley.fi\/en\/#website","url":"https:\/\/pentley.fi\/en\/","name":"Pentley - Suurin valikoima Kaweco-kynia","description":"","publisher":{"@id":"https:\/\/pentley.fi\/en\/#organization"},"potentialAction":[{"@type":"SearchAction","target":{"@type":"EntryPoint","urlTemplate":"https:\/\/pentley.fi\/en\/?s={search_term_string}"},"query-input":{"@type":"PropertyValueSpecification","valueRequired":true,"valueName":"search_term_string"}}],"inLanguage":"en-US"},{"@type":"Organization","@id":"https:\/\/pentley.fi\/en\/#organization","name":"Pentley | Suurin valikoima Kaweco-kyni\u00e4 |","url":"https:\/\/pentley.fi\/en\/","logo":{"@type":"ImageObject","inLanguage":"en-US","@id":"https:\/\/pentley.fi\/en\/#\/schema\/logo\/image\/","url":null,"contentUrl":null,"width":"1024","height":"1024","caption":"Pentley | Suurin valikoima Kaweco-kyni\u00e4 |"},"image":{"@id":"https:\/\/pentley.fi\/en\/#\/schema\/logo\/image\/"},"sameAs":["https:\/\/www.facebook.com\/pentleyshop","https:\/\/instagram.com\/pentleyshop"]}]}},"_links":{"self":[{"href":"https:\/\/pentley.fi\/en\/wp-json\/wp\/v2\/product\/327","targetHints":{"allow":["GET"]}}],"collection":[{"href":"https:\/\/pentley.fi\/en\/wp-json\/wp\/v2\/product"}],"about":[{"href":"https:\/\/pentley.fi\/en\/wp-json\/wp\/v2\/types\/product"}],"wp:featuredmedia":[{"embeddable":true,"href":"https:\/\/pentley.fi\/en\/wp-json\/wp\/v2\/media\/328"}],"wp:attachment":[{"href":"https:\/\/pentley.fi\/en\/wp-json\/wp\/v2\/media?parent=327"}],"wp:term":[{"taxonomy":"product_brand","embeddable":true,"href":"https:\/\/pentley.fi\/en\/wp-json\/wp\/v2\/product_brand?post=327"},{"taxonomy":"product_cat","embeddable":true,"href":"https:\/\/pentley.fi\/en\/wp-json\/wp\/v2\/product_cat?post=327"},{"taxonomy":"product_tag","embeddable":true,"href":"https:\/\/pentley.fi\/en\/wp-json\/wp\/v2\/product_tag?post=327"},{"taxonomy":"manufacturer","embeddable":true,"href":"https:\/\/pentley.fi\/en\/wp-json\/wp\/v2\/manufacturer?post=327"},{"taxonomy":"series","embeddable":true,"href":"https:\/\/pentley.fi\/en\/wp-json\/wp\/v2\/series?post=327"}],"curies":[{"name":"wp","href":"https:\/\/api.w.org\/{rel}","templated":true}]}}